{"id":3,"date":"2024-09-16T16:46:12","date_gmt":"2024-09-16T16:46:12","guid":{"rendered":"https:\/\/www.nicolasvachet.com\/?page_id=3"},"modified":"2024-11-22T16:00:22","modified_gmt":"2024-11-22T16:00:22","slug":"mentions-legales","status":"publish","type":"page","link":"https:\/\/www.nicolasvachet.com\/en\/mentions-legales\/","title":{"rendered":"Legal notices"},"content":{"rendered":"<div data-elementor-type=\"wp-page\" data-elementor-id=\"3\" class=\"elementor elementor-3\">\n\t\t\t\t<div class=\"elementor-element elementor-element-3cfcf492 e-flex e-con-boxed e-con e-parent\" data-id=\"3cfcf492\" data-element_type=\"container\">\n\t\t\t\t\t<div class=\"e-con-inner\">\n\t\t\t\t<div class=\"elementor-element elementor-element-6e5f1a45 elementor-widget elementor-widget-text-editor\" data-id=\"6e5f1a45\" data-element_type=\"widget\" data-widget_type=\"text-editor.default\">\n\t\t\t\t<div class=\"elementor-widget-container\">\n\t\t\t\t\t\t\t\t\t\n<p>Conform\u00e9ment aux dispositions de la loi n\u00b02004-575 du 21 juin 2004 pour la Confiance en l\u2019\u00e9conomie num\u00e9rique, il est port\u00e9 \u00e0 la connaissance des utilisateurs et visiteurs, ci-apr\u00e8s l\u2019 \u00ab\u00a0<b>Utilisateur\u00a0\u00bb<\/b> , du site www.nicolasvachet.com , ci-apr\u00e8s le \u00ab\u00a0<b>Site\u00a0\u00bb<\/b>\u00a0, les pr\u00e9sentes mentions l\u00e9gales.\u00a0<\/p>\n<p>La connexion et la navigation sur le Site par l\u2019Utilisateur implique acceptation int\u00e9grale et sans r\u00e9serve des pr\u00e9sentes mentions l\u00e9gales.\u00a0<\/p>\n<p>Ces derni\u00e8res sont accessibles sur le Site \u00e0 la rubrique \u00ab\u00a0<b>Mentions l\u00e9gales\u00a0\u00bb<\/b>\u00a0.\u00a0<\/p>\n<h2 class=\"wp-block-heading\">\u00c9dition du site\u00a0<\/h2>\n\n<p>L\u2019\u00e9dition du Site est assur\u00e9e par la soci\u00e9t\u00e9 Nicolas Vachet, immatricul\u00e9e au Registre du Commerce et des Soci\u00e9t\u00e9s sous le num\u00e9ro 952 826 444 000 12 dont le si\u00e8ge social est situ\u00e9 au 3 r\u00e9sidence des Ch\u00eanes, 83580 GASSIN \u2013 France,<br \/>&gt;\u00a0<b>Num\u00e9ro de t\u00e9l\u00e9phone\u00a0<\/b>: 33623554817\u00a0<\/p>\n<p>&gt;\u00a0<b>Adresse e-mail\u00a0<\/b>: contact@nicolasvachet.<\/p>\n<p>&gt;\u00a0<b>Directeur de la publication\u00a0<\/b>: Nicolas VACHET\u00a0<\/p>\n<p>ci-apr\u00e8s l&rsquo;\u00a0\u00bb<b>Editeur<\/b>\u00ab\u00a0.<\/p>\n\n<h2 class=\"wp-block-heading\">H\u00e9bergement\u00a0<\/h2>\n\n<p>L\u2019h\u00e9bergeur du Site est la soci\u00e9t\u00e9 O2switch, dont le si\u00e8ge social est situ\u00e9 au Chemin des Pardiaux 63000 CLERMONT-FERRAND &#8211; France. Son num\u00e9ro est le 0033 44 44 60 40<\/p>\n\n<h2 class=\"wp-block-heading\">Acc\u00e8s au site\u00a0<\/h2>\n\n<p>Le Site est normalement accessible, \u00e0 tout moment, \u00e0 l\u2019Utilisateur. Toutefois, l\u2019Editeur pourra, \u00e0 tout moment, suspendre, limiter ou interrompre le Site afin de proc\u00e9der, notamment, \u00e0 des mises \u00e0 jour ou des modifications de son contenu. L\u2019Editeur ne pourra en aucun cas \u00eatre tenu responsable des cons\u00e9quences \u00e9ventuelles de cette indisponibilit\u00e9 sur les activit\u00e9s de l\u2019Utilisateur.\u00a0<\/p>\n<p>Toute utilisation, reproduction, diffusion, commercialisation, modification de toute ou partie du Site, sans autorisation expresse de l\u2019Editeur est prohib\u00e9e et pourra entra\u00eener des actions et poursuites judiciaires telles que pr\u00e9vues par la r\u00e8glementation en vigueur.\u00a0<\/p>\n\n<p>\u00a0<\/p>\n<p>Mentions en vigueur le 18\/11\/2024\u00a0<\/p>\n<p>\u00a0<\/p>\t\t\t\t\t\t\t\t<\/div>\n\t\t\t\t<\/div>\n\t\t\t\t\t<\/div>\n\t\t\t\t<\/div>\n\t\t\t\t<\/div>","protected":false},"excerpt":{"rendered":"<p>Conform\u00e9ment aux dispositions de la loi n\u00b02004-575 du 21 juin 2004 pour la Confiance en l\u2019\u00e9conomie num\u00e9rique, il est port\u00e9 \u00e0 la connaissance des utilisateurs et visiteurs, ci-apr\u00e8s l\u2019 \u00ab\u00a0Utilisateur\u00a0\u00bb , du site www.nicolasvachet.com , ci-apr\u00e8s le \u00ab\u00a0Site\u00a0\u00bb\u00a0, les pr\u00e9sentes mentions l\u00e9gales.\u00a0 La connexion et la navigation sur le Site par l\u2019Utilisateur implique acceptation int\u00e9grale [&hellip;]<\/p>","protected":false},"author":1,"featured_media":0,"parent":0,"menu_order":0,"comment_status":"closed","ping_status":"closed","template":"","meta":{"footnotes":""},"class_list":["post-3","page","type-page","status-publish","hentry"],"_links":{"self":[{"href":"https:\/\/www.nicolasvachet.com\/en\/wp-json\/wp\/v2\/pages\/3","targetHints":{"allow":["GET"]}}],"collection":[{"href":"https:\/\/www.nicolasvachet.com\/en\/wp-json\/wp\/v2\/pages"}],"about":[{"href":"https:\/\/www.nicolasvachet.com\/en\/wp-json\/wp\/v2\/types\/page"}],"author":[{"embeddable":true,"href":"https:\/\/www.nicolasvachet.com\/en\/wp-json\/wp\/v2\/users\/1"}],"replies":[{"embeddable":true,"href":"https:\/\/www.nicolasvachet.com\/en\/wp-json\/wp\/v2\/comments?post=3"}],"version-history":[{"count":7,"href":"https:\/\/www.nicolasvachet.com\/en\/wp-json\/wp\/v2\/pages\/3\/revisions"}],"predecessor-version":[{"id":8763,"href":"https:\/\/www.nicolasvachet.com\/en\/wp-json\/wp\/v2\/pages\/3\/revisions\/8763"}],"wp:attachment":[{"href":"https:\/\/www.nicolasvachet.com\/en\/wp-json\/wp\/v2\/media?parent=3"}],"curies":[{"name":"wp","href":"https:\/\/api.w.org\/{rel}","templated":true}]}}